{"id":69,"date":"2010-10-29T13:00:17","date_gmt":"2010-10-29T11:00:17","guid":{"rendered":"https:\/\/fripounactu.tzim.net\/?page_id=69"},"modified":"2012-03-07T12:47:27","modified_gmt":"2012-03-07T11:47:27","slug":"bienvenue-sur-fripounactu","status":"publish","type":"page","link":"https:\/\/fripounactu.tzim.net\/?page_id=69","title":{"rendered":"=> Sommaire <="},"content":{"rendered":"<h1><span style=\"color: #99cc00;\"><em>&#8230; Le monde des ann\u00e9es 60\/70 vu par Fripounet !<\/em><\/span><\/h1>\n<p><a href=\"https:\/\/fripounactu.tzim.net\/wp-content\/uploads\/sites\/8\/2010\/10\/rubiks-cube.jpg\"><img loading=\"lazy\" decoding=\"async\" class=\"aligncenter size-thumbnail wp-image-70\" title=\"KONICA MINOLTA DIGITAL CAMERA\" src=\"https:\/\/fripounactu.tzim.net\/wp-content\/uploads\/sites\/8\/2010\/10\/rubiks-cube-150x150.jpg\" alt=\"\" width=\"150\" height=\"150\" srcset=\"https:\/\/fripounactu.tzim.net\/wp-content\/uploads\/sites\/8\/2010\/10\/rubiks-cube-150x150.jpg 150w, https:\/\/fripounactu.tzim.net\/wp-content\/uploads\/sites\/8\/2010\/10\/rubiks-cube-300x300.jpg 300w, https:\/\/fripounactu.tzim.net\/wp-content\/uploads\/sites\/8\/2010\/10\/rubiks-cube-1024x1024.jpg 1024w, https:\/\/fripounactu.tzim.net\/wp-content\/uploads\/sites\/8\/2010\/10\/rubiks-cube.jpg 1600w\" sizes=\"auto, (max-width: 150px) 100vw, 150px\" \/><\/a><\/p>\n<p>Pour en savoir plus sur ce blog, suivez le guide : <strong><a title=\"Par ici !\" href=\"https:\/\/fripounactu.tzim.net\/?p=24\">Par ici !<\/a><\/strong><\/p>\n<p>Pour rendre votre visite plus ais\u00e9e, voici les diff\u00e9rentes rubriques :<\/p>\n<p style=\"text-align: center;\"><a href=\"https:\/\/fripounactu.tzim.net\/?cat=6\"><strong>Frip&rsquo;master<\/strong><\/a> : la petite vie d&rsquo;une \u00e9tudiante en master d&rsquo;histoire.<\/p>\n<p style=\"text-align: center;\"><a href=\"https:\/\/fripounactu.tzim.net\/?cat=5\"><strong>\u00c0 vous de jouer<\/strong><\/a> : Par ce qu&rsquo;il n&rsquo;y a pas de bon magazine sans lecteurs, parce qu&rsquo;il n&rsquo;y a pas d&rsquo;histoire sans personne pour la vivre&#8230;<\/p>\n<p style=\"text-align: center;\"><a href=\"https:\/\/fripounactu.tzim.net\/?cat=4\"><strong>Frip&rsquo;collection<\/strong><\/a> : &#8230;et parce qu&rsquo;il n&rsquo;y a pas d&rsquo;histoire sans sources !<\/p>\n<p style=\"text-align: center;\"><strong><a href=\"https:\/\/fripounactu.tzim.net\/?cat=3\">Courrier des lecteurs<\/a> <\/strong>: mon contact, les gifles et les bons points, les bonnes adresses, les petits mots pour rien&#8230;<\/p>\n<p style=\"text-align: center;\"><strong><a href=\"https:\/\/fripounactu.tzim.net\/?cat=7\">Morceaux du boucher<\/a><\/strong> : des extraits de <em>Fripounet<\/em> \u00e0 partager pour une bonne fondue, ou un pot-au-feu<\/p>\n","protected":false},"excerpt":{"rendered":"<p>&#8230; Le monde des ann\u00e9es 60\/70 vu par Fripounet ! Pour en savoir plus sur ce blog, suivez le guide : Par ici ! Pour rendre votre visite plus ais\u00e9e, voici les diff\u00e9rentes rubriques : Frip&rsquo;master : la petite vie d&rsquo;une \u00e9tudiante en master d&rsquo;histoire. \u00c0 vous de jouer : Par ce qu&rsquo;il n&rsquo;y a [&hellip;]<\/p>\n","protected":false},"author":7,"featured_media":0,"parent":0,"menu_order":0,"comment_status":"open","ping_status":"open","template":"","meta":{"inline_featured_image":false,"footnotes":""},"class_list":["post-69","page","type-page","status-publish","hentry"],"_links":{"self":[{"href":"https:\/\/fripounactu.tzim.net\/index.php?rest_route=\/wp\/v2\/pages\/69","targetHints":{"allow":["GET"]}}],"collection":[{"href":"https:\/\/fripounactu.tzim.net\/index.php?rest_route=\/wp\/v2\/pages"}],"about":[{"href":"https:\/\/fripounactu.tzim.net\/index.php?rest_route=\/wp\/v2\/types\/page"}],"author":[{"embeddable":true,"href":"https:\/\/fripounactu.tzim.net\/index.php?rest_route=\/wp\/v2\/users\/7"}],"replies":[{"embeddable":true,"href":"https:\/\/fripounactu.tzim.net\/index.php?rest_route=%2Fwp%2Fv2%2Fcomments&post=69"}],"version-history":[{"count":7,"href":"https:\/\/fripounactu.tzim.net\/index.php?rest_route=\/wp\/v2\/pages\/69\/revisions"}],"predecessor-version":[{"id":302,"href":"https:\/\/fripounactu.tzim.net\/index.php?rest_route=\/wp\/v2\/pages\/69\/revisions\/302"}],"wp:attachment":[{"href":"https:\/\/fripounactu.tzim.net\/index.php?rest_route=%2Fwp%2Fv2%2Fmedia&parent=69"}],"curies":[{"name":"wp","href":"https:\/\/api.w.org\/{rel}","templated":true}]}}